{"id":8,"date":"2023-10-16T13:11:43","date_gmt":"2023-10-16T13:11:43","guid":{"rendered":"https:\/\/twinflameshealingspace.com\/?page_id=8"},"modified":"2025-07-10T08:40:20","modified_gmt":"2025-07-10T08:40:20","slug":"home","status":"publish","type":"page","link":"https:\/\/twinflameshealingspace.com\/en\/","title":{"rendered":"Home"},"content":{"rendered":"<div data-elementor-type=\"wp-page\" data-elementor-id=\"8\" class=\"elementor elementor-8\">\n\t\t\t\t<div class=\"elementor-element elementor-element-47c74a0 e-flex e-con-boxed e-con e-parent\" data-id=\"47c74a0\" data-element_type=\"container\" data-e-type=\"container\">\n\t\t\t\t\t<div class=\"e-con-inner\">\n\t\t\t\t<div class=\"elementor-element elementor-element-a773784 elementor-widget elementor-widget-image\" data-id=\"a773784\" data-element_type=\"widget\" data-e-type=\"widget\" data-widget_type=\"image.default\">\n\t\t\t\t<div class=\"elementor-widget-container\">\n\t\t\t\t\t\t\t\t\t\t\t\t\t\t\t<img fetchpriority=\"high\" decoding=\"async\" width=\"768\" height=\"644\" src=\"https:\/\/twinflameshealingspace.com\/wp-content\/uploads\/2023\/11\/3-768x644.jpg\" class=\"attachment-medium_large size-medium_large wp-image-279\" alt=\"\" srcset=\"https:\/\/twinflameshealingspace.com\/wp-content\/uploads\/2023\/11\/3-768x644.jpg 768w, https:\/\/twinflameshealingspace.com\/wp-content\/uploads\/2023\/11\/3-300x251.jpg 300w, https:\/\/twinflameshealingspace.com\/wp-content\/uploads\/2023\/11\/3.jpg 940w\" sizes=\"(max-width: 768px) 100vw, 768px\" \/>\t\t\t\t\t\t\t\t\t\t\t\t\t\t\t<\/div>\n\t\t\t\t<\/div>\n\t\t\t\t\t<\/div>\n\t\t\t\t<\/div>\n\t\t<div class=\"elementor-element elementor-element-e9e2699 e-flex e-con-boxed e-con e-parent\" data-id=\"e9e2699\" data-element_type=\"container\" data-e-type=\"container\">\n\t\t\t\t\t<div class=\"e-con-inner\">\n\t\t<div class=\"elementor-element elementor-element-839791a e-flex e-con-boxed e-con e-child\" data-id=\"839791a\" data-element_type=\"container\" data-e-type=\"container\">\n\t\t\t\t\t<div class=\"e-con-inner\">\n\t\t\t\t\t<\/div>\n\t\t\t\t<\/div>\n\t\t\t\t<div class=\"elementor-element elementor-element-abc9b7b elementor-widget elementor-widget-heading\" data-id=\"abc9b7b\" data-element_type=\"widget\" data-e-type=\"widget\" data-widget_type=\"heading.default\">\n\t\t\t\t<div class=\"elementor-widget-container\">\n\t\t\t\t\t<h2 class=\"elementor-heading-title elementor-size-large\">Heal your Twin Flame Union<\/h2>\t\t\t\t<\/div>\n\t\t\t\t<\/div>\n\t\t\t\t\t<\/div>\n\t\t\t\t<\/div>\n\t\t<div class=\"elementor-element elementor-element-24137ae e-flex e-con-boxed e-con e-parent\" data-id=\"24137ae\" data-element_type=\"container\" data-e-type=\"container\">\n\t\t\t\t\t<div class=\"e-con-inner\">\n\t\t\t\t<div class=\"elementor-element elementor-element-2053077 elementor-widget__width-initial e-transform elementor-widget elementor-widget-text-editor\" data-id=\"2053077\" data-element_type=\"widget\" data-e-type=\"widget\" data-settings=\"{&quot;_transform_translateX_effect&quot;:{&quot;unit&quot;:&quot;px&quot;,&quot;size&quot;:10,&quot;sizes&quot;:[]},&quot;_transform_translateY_effect&quot;:{&quot;unit&quot;:&quot;px&quot;,&quot;size&quot;:0,&quot;sizes&quot;:[]},&quot;_transform_translateX_effect_tablet&quot;:{&quot;unit&quot;:&quot;px&quot;,&quot;size&quot;:&quot;&quot;,&quot;sizes&quot;:[]},&quot;_transform_translateX_effect_mobile&quot;:{&quot;unit&quot;:&quot;px&quot;,&quot;size&quot;:&quot;&quot;,&quot;sizes&quot;:[]},&quot;_transform_translateY_effect_tablet&quot;:{&quot;unit&quot;:&quot;px&quot;,&quot;size&quot;:&quot;&quot;,&quot;sizes&quot;:[]},&quot;_transform_translateY_effect_mobile&quot;:{&quot;unit&quot;:&quot;px&quot;,&quot;size&quot;:&quot;&quot;,&quot;sizes&quot;:[]}}\" data-widget_type=\"text-editor.default\">\n\t\t\t\t<div class=\"elementor-widget-container\">\n\t\t\t\t\t\t\t\t\t<ul><li>Have you met your Twin Flame, the deepest Love of your life?\u00a0<\/li><li>Are the triggers overwhelming you and you are seperated (again)?<\/li><li>Are you longing for TRUE LOVE?<\/li><li>Are you ready for your spiritual awakening, the greatest adventure of your life?<\/li><\/ul>\t\t\t\t\t\t\t\t<\/div>\n\t\t\t\t<\/div>\n\t\t\t\t\t<\/div>\n\t\t\t\t<\/div>\n\t\t<div class=\"elementor-element elementor-element-7cd213f e-flex e-con-boxed e-con e-parent\" data-id=\"7cd213f\" data-element_type=\"container\" data-e-type=\"container\">\n\t\t\t\t\t<div class=\"e-con-inner\">\n\t\t<div class=\"elementor-element elementor-element-f2b84c5 e-flex e-con-boxed e-con e-child\" data-id=\"f2b84c5\" data-element_type=\"container\" data-e-type=\"container\">\n\t\t\t\t\t<div class=\"e-con-inner\">\n\t\t\t\t<div class=\"elementor-element elementor-element-f960cfd elementor-widget elementor-widget-image\" data-id=\"f960cfd\" data-element_type=\"widget\" data-e-type=\"widget\" data-widget_type=\"image.default\">\n\t\t\t\t<div class=\"elementor-widget-container\">\n\t\t\t\t\t\t\t\t\t\t\t\t\t\t\t<img decoding=\"async\" src=\"https:\/\/twinflameshealingspace.com\/wp-content\/uploads\/elementor\/thumbs\/TWIN-FLAMes-qgbjspo00onwx0eoi7n0gbt567mwewr7ufp1tqk4v4.jpg\" title=\"TWIN FLAMes\" alt=\"TWIN FLAMes\" loading=\"lazy\" \/>\t\t\t\t\t\t\t\t\t\t\t\t\t\t\t<\/div>\n\t\t\t\t<\/div>\n\t\t\t\t\t<\/div>\n\t\t\t\t<\/div>\n\t\t\t\t<div class=\"elementor-element elementor-element-0c2dd17 elementor-widget__width-initial e-transform elementor-widget elementor-widget-text-editor\" data-id=\"0c2dd17\" data-element_type=\"widget\" data-e-type=\"widget\" data-settings=\"{&quot;_transform_translateX_effect&quot;:{&quot;unit&quot;:&quot;px&quot;,&quot;size&quot;:10,&quot;sizes&quot;:[]},&quot;_transform_translateY_effect&quot;:{&quot;unit&quot;:&quot;px&quot;,&quot;size&quot;:0,&quot;sizes&quot;:[]},&quot;_transform_translateX_effect_tablet&quot;:{&quot;unit&quot;:&quot;px&quot;,&quot;size&quot;:&quot;&quot;,&quot;sizes&quot;:[]},&quot;_transform_translateX_effect_mobile&quot;:{&quot;unit&quot;:&quot;px&quot;,&quot;size&quot;:&quot;&quot;,&quot;sizes&quot;:[]},&quot;_transform_translateY_effect_tablet&quot;:{&quot;unit&quot;:&quot;px&quot;,&quot;size&quot;:&quot;&quot;,&quot;sizes&quot;:[]},&quot;_transform_translateY_effect_mobile&quot;:{&quot;unit&quot;:&quot;px&quot;,&quot;size&quot;:&quot;&quot;,&quot;sizes&quot;:[]}}\" data-widget_type=\"text-editor.default\">\n\t\t\t\t<div class=\"elementor-widget-container\">\n\t\t\t\t\t\t\t\t\t<p>Hi, I am Daniela, great that you found my website!\u00a0<\/p><p>I have been on my Twin Flame journey for a few years now. I know your pain and your challenges, your doubts and your longing.<\/p><p>Thanks to the Teachings of Union by Jeff &amp; Shaleia I was able to heal a lot of separation consciousness already.\u00a0<\/p><p>Joy and Peace returned back to my life, deepened and expanded. Finally I could recognize the blessings of the Twin Flame journey and the harvest the fruits of my inner healing work.<\/p><p>Deshalb habe ich mich entschieden, als Ascension Coach und MAP Practitioner diese wertvolle Heilarbeit weiterzugeben.\u00a0\u00a0<\/p>\t\t\t\t\t\t\t\t<\/div>\n\t\t\t\t<\/div>\n\t\t\t\t<div class=\"elementor-element elementor-element-314de1b elementor-widget elementor-widget-video\" data-id=\"314de1b\" data-element_type=\"widget\" data-e-type=\"widget\" data-settings=\"{&quot;video_type&quot;:&quot;hosted&quot;,&quot;controls&quot;:&quot;yes&quot;}\" data-widget_type=\"video.default\">\n\t\t\t\t<div class=\"elementor-widget-container\">\n\t\t\t\t\t\t\t<div class=\"e-hosted-video elementor-wrapper elementor-open-inline\">\n\t\t\t\t\t<video class=\"elementor-video\" src=\"https:\/\/twinflameshealingspace.com\/wp-content\/uploads\/2023\/11\/iStock-1248958938.mp4\" controls=\"\" preload=\"metadata\" controlslist=\"nodownload\"><\/video>\n\t\t\t\t<\/div>\n\t\t\t\t\t\t<\/div>\n\t\t\t\t<\/div>\n\t\t<div class=\"elementor-element elementor-element-8efc62e e-flex e-con-boxed e-con e-child\" data-id=\"8efc62e\" data-element_type=\"container\" data-e-type=\"container\">\n\t\t\t\t\t<div class=\"e-con-inner\">\n\t\t\t\t\t<\/div>\n\t\t\t\t<\/div>\n\t\t\t\t<div class=\"elementor-element elementor-element-5a7afc9 elementor-widget__width-initial e-transform elementor-widget elementor-widget-text-editor\" data-id=\"5a7afc9\" data-element_type=\"widget\" data-e-type=\"widget\" data-settings=\"{&quot;_transform_translateX_effect&quot;:{&quot;unit&quot;:&quot;px&quot;,&quot;size&quot;:10,&quot;sizes&quot;:[]},&quot;_transform_translateY_effect&quot;:{&quot;unit&quot;:&quot;px&quot;,&quot;size&quot;:0,&quot;sizes&quot;:[]},&quot;_transform_translateX_effect_tablet&quot;:{&quot;unit&quot;:&quot;px&quot;,&quot;size&quot;:&quot;&quot;,&quot;sizes&quot;:[]},&quot;_transform_translateX_effect_mobile&quot;:{&quot;unit&quot;:&quot;px&quot;,&quot;size&quot;:&quot;&quot;,&quot;sizes&quot;:[]},&quot;_transform_translateY_effect_tablet&quot;:{&quot;unit&quot;:&quot;px&quot;,&quot;size&quot;:&quot;&quot;,&quot;sizes&quot;:[]},&quot;_transform_translateY_effect_mobile&quot;:{&quot;unit&quot;:&quot;px&quot;,&quot;size&quot;:&quot;&quot;,&quot;sizes&quot;:[]}}\" data-widget_type=\"text-editor.default\">\n\t\t\t\t<div class=\"elementor-widget-container\">\n\t\t\t\t\t\t\t\t\t<p>The Twin Flame journey is the greatest challenge in your life.\u00a0<\/p><p>But it is also speeding up your spiritual awakening.  It is an invitation to heal your emotional childhood wounds, let go of false beliefs and remember your Union with God and your Twin Flame.<span style=\"font-size: 24px;\">\u00a0<\/span><\/p>\t\t\t\t\t\t\t\t<\/div>\n\t\t\t\t<\/div>\n\t\t\t\t<div class=\"elementor-element elementor-element-cbd1184 elementor-widget elementor-widget-text-editor\" data-id=\"cbd1184\" data-element_type=\"widget\" data-e-type=\"widget\" data-widget_type=\"text-editor.default\">\n\t\t\t\t<div class=\"elementor-widget-container\">\n\t\t\t\t\t\t\t\t\t<p>Are you ready for Union with your Twin Flame?<\/p>\t\t\t\t\t\t\t\t<\/div>\n\t\t\t\t<\/div>\n\t\t\t\t\t<\/div>\n\t\t\t\t<\/div>\n\t\t<div class=\"elementor-element elementor-element-18a840b e-flex e-con-boxed e-con e-parent\" data-id=\"18a840b\" data-element_type=\"container\" data-e-type=\"container\">\n\t\t\t\t\t<div class=\"e-con-inner\">\n\t\t\t\t<div class=\"elementor-element elementor-element-0f7b2fc elementor-align-center elementor-widget elementor-widget-button\" data-id=\"0f7b2fc\" data-element_type=\"widget\" data-e-type=\"widget\" data-widget_type=\"button.default\">\n\t\t\t\t<div class=\"elementor-widget-container\">\n\t\t\t\t\t\t\t\t\t<div class=\"elementor-button-wrapper\">\n\t\t\t\t\t<a class=\"elementor-button elementor-button-link elementor-size-xl\" href=\"https:\/\/twinflameshealingspace.com\/en\/kontakt\/\">\n\t\t\t\t\t\t<span class=\"elementor-button-content-wrapper\">\n\t\t\t\t\t\t\t\t\t<span class=\"elementor-button-text\">Kostenfreies KOMPASS Navigationsgespr\u00e4ch (30 min) vereinbaren<\/span>\n\t\t\t\t\t<\/span>\n\t\t\t\t\t<\/a>\n\t\t\t\t<\/div>\n\t\t\t\t\t\t\t\t<\/div>\n\t\t\t\t<\/div>\n\t\t\t\t<div class=\"elementor-element elementor-element-b151aff elementor-align-center elementor-widget elementor-widget-button\" data-id=\"b151aff\" data-element_type=\"widget\" data-e-type=\"widget\" data-widget_type=\"button.default\">\n\t\t\t\t<div class=\"elementor-widget-container\">\n\t\t\t\t\t\t\t\t\t<div class=\"elementor-button-wrapper\">\n\t\t\t\t\t<a class=\"elementor-button elementor-button-link elementor-size-xl\" href=\"https:\/\/twinflameshealingspace.com\/en\/coaching\/\">\n\t\t\t\t\t\t<span class=\"elementor-button-content-wrapper\">\n\t\t\t\t\t\t\t\t\t<span class=\"elementor-button-text\">Here are my Coaching offers for you<\/span>\n\t\t\t\t\t<\/span>\n\t\t\t\t\t<\/a>\n\t\t\t\t<\/div>\n\t\t\t\t\t\t\t\t<\/div>\n\t\t\t\t<\/div>\n\t\t\t\t\t<\/div>\n\t\t\t\t<\/div>\n\t\t<div class=\"elementor-element elementor-element-819d147 e-flex e-con-boxed e-con e-parent\" data-id=\"819d147\" data-element_type=\"container\" data-e-type=\"container\">\n\t\t\t\t\t<div class=\"e-con-inner\">\n\t\t\t\t<div class=\"elementor-element elementor-element-2a11f69 elementor-widget elementor-widget-spacer\" data-id=\"2a11f69\" data-element_type=\"widget\" data-e-type=\"widget\" data-widget_type=\"spacer.default\">\n\t\t\t\t<div class=\"elementor-widget-container\">\n\t\t\t\t\t\t\t<div class=\"elementor-spacer\">\n\t\t\t<div class=\"elementor-spacer-inner\"><\/div>\n\t\t<\/div>\n\t\t\t\t\t\t<\/div>\n\t\t\t\t<\/div>\n\t\t\t\t<div class=\"elementor-element elementor-element-cdcbbdd elementor-widget elementor-widget-image\" data-id=\"cdcbbdd\" data-element_type=\"widget\" data-e-type=\"widget\" data-widget_type=\"image.default\">\n\t\t\t\t<div class=\"elementor-widget-container\">\n\t\t\t\t\t\t\t\t\t\t\t\t\t\t\t<img decoding=\"async\" width=\"150\" height=\"150\" src=\"https:\/\/twinflameshealingspace.com\/wp-content\/uploads\/2023\/12\/14-150x150.jpg\" class=\"attachment-thumbnail size-thumbnail wp-image-803\" alt=\"\" srcset=\"https:\/\/twinflameshealingspace.com\/wp-content\/uploads\/2023\/12\/14-150x150.jpg 150w, https:\/\/twinflameshealingspace.com\/wp-content\/uploads\/2023\/12\/14-300x300.jpg 300w, https:\/\/twinflameshealingspace.com\/wp-content\/uploads\/2023\/12\/14-1024x1024.jpg 1024w, https:\/\/twinflameshealingspace.com\/wp-content\/uploads\/2023\/12\/14-768x768.jpg 768w, https:\/\/twinflameshealingspace.com\/wp-content\/uploads\/2023\/12\/14-600x600.jpg 600w, https:\/\/twinflameshealingspace.com\/wp-content\/uploads\/2023\/12\/14.jpg 1080w\" sizes=\"(max-width: 150px) 100vw, 150px\" \/>\t\t\t\t\t\t\t\t\t\t\t\t\t\t\t<\/div>\n\t\t\t\t<\/div>\n\t\t\t\t<div class=\"elementor-element elementor-element-85db5e4 elementor-widget elementor-widget-heading\" data-id=\"85db5e4\" data-element_type=\"widget\" data-e-type=\"widget\" data-widget_type=\"heading.default\">\n\t\t\t\t<div class=\"elementor-widget-container\">\n\t\t\t\t\t<h2 class=\"elementor-heading-title elementor-size-default\">Dualseelen Starter-Kit<\/h2>\t\t\t\t<\/div>\n\t\t\t\t<\/div>\n\t\t\t\t<div class=\"elementor-element elementor-element-3d4e431 elementor-widget elementor-widget-text-editor\" data-id=\"3d4e431\" data-element_type=\"widget\" data-e-type=\"widget\" data-widget_type=\"text-editor.default\">\n\t\t\t\t<div class=\"elementor-widget-container\">\n\t\t\t\t\t\t\t\t\t<p>Kostenfreies\u00a0 Dualseelen Starter-Kit zum Download\u00a0<\/p><p>Klicke unten auf &#8222;Inhalt entsperren&#8220; um die Newsletter-Anmeldung zu \u00f6ffnen und das Starter-Kit zu erhalten:<\/p>\t\t\t\t\t\t\t\t<\/div>\n\t\t\t\t<\/div>\n\t\t\t\t<div class=\"elementor-element elementor-element-d76dd92 elementor-widget elementor-widget-html\" data-id=\"d76dd92\" data-element_type=\"widget\" data-e-type=\"widget\" data-widget_type=\"html.default\">\n\t\t\t\t<div class=\"elementor-widget-container\">\n\t\t\t\t\t<iframe width=\"540\" height=\"305\" src=\"https:\/\/sibforms.com\/serve\/MUIFAJhKwX_yTBTdgSbS-FFm4hqzLlhHqXcBDpAeYPdGeJx5ihm0tcNeJzrPMqlPlqYyuQeatCispXiUs0DYPnv44gox1cLXdErXh4AQsQVG7Sbp9XUYnQrXAyPKsoAtASr9_tbm5uLVI1qriPgDMh3j5SJQD-Kp8uX-HBMJRxhMgScKYNJpoH_DdsNFSaf-VtXQ2SozQiehzcBt\" frameborder=\"0\" scrolling=\"auto\" allowfullscreen style=\"display: block;margin-left: auto;margin-right: auto;max-width: 100%;\"><\/iframe>\t\t\t\t<\/div>\n\t\t\t\t<\/div>\n\t\t\t\t<div class=\"elementor-element elementor-element-60e2a1b elementor-widget elementor-widget-image\" data-id=\"60e2a1b\" data-element_type=\"widget\" data-e-type=\"widget\" data-widget_type=\"image.default\">\n\t\t\t\t<div class=\"elementor-widget-container\">\n\t\t\t\t\t\t\t\t\t\t\t\t\t\t\t<img decoding=\"async\" width=\"300\" height=\"300\" src=\"https:\/\/twinflameshealingspace.com\/wp-content\/uploads\/2023\/12\/5-300x300.jpg\" class=\"attachment-medium size-medium wp-image-506\" alt=\"\" srcset=\"https:\/\/twinflameshealingspace.com\/wp-content\/uploads\/2023\/12\/5-300x300.jpg 300w, https:\/\/twinflameshealingspace.com\/wp-content\/uploads\/2023\/12\/5-1024x1024.jpg 1024w, https:\/\/twinflameshealingspace.com\/wp-content\/uploads\/2023\/12\/5-150x150.jpg 150w, https:\/\/twinflameshealingspace.com\/wp-content\/uploads\/2023\/12\/5-768x768.jpg 768w, https:\/\/twinflameshealingspace.com\/wp-content\/uploads\/2023\/12\/5-600x600.jpg 600w, https:\/\/twinflameshealingspace.com\/wp-content\/uploads\/2023\/12\/5.jpg 1080w\" sizes=\"(max-width: 300px) 100vw, 300px\" \/>\t\t\t\t\t\t\t\t\t\t\t\t\t\t\t<\/div>\n\t\t\t\t<\/div>\n\t\t\t\t\t<\/div>\n\t\t\t\t<\/div>\n\t\t<div class=\"elementor-element elementor-element-bec1968 e-flex e-con-boxed e-con e-parent\" data-id=\"bec1968\" data-element_type=\"container\" data-e-type=\"container\">\n\t\t\t\t\t<div class=\"e-con-inner\">\n\t\t\t\t<div class=\"elementor-element elementor-element-088e745 elementor-widget elementor-widget-spacer\" data-id=\"088e745\" data-element_type=\"widget\" data-e-type=\"widget\" data-widget_type=\"spacer.default\">\n\t\t\t\t<div class=\"elementor-widget-container\">\n\t\t\t\t\t\t\t<div class=\"elementor-spacer\">\n\t\t\t<div class=\"elementor-spacer-inner\"><\/div>\n\t\t<\/div>\n\t\t\t\t\t\t<\/div>\n\t\t\t\t<\/div>\n\t\t\t\t\t<\/div>\n\t\t\t\t<\/div>\n\t\t<div class=\"elementor-element elementor-element-c030caa e-flex e-con-boxed e-con e-parent\" data-id=\"c030caa\" data-element_type=\"container\" data-e-type=\"container\">\n\t\t\t\t\t<div class=\"e-con-inner\">\n\t\t\t\t\t<\/div>\n\t\t\t\t<\/div>\n\t\t<div class=\"elementor-element elementor-element-3692b62 e-flex e-con-boxed e-con e-parent\" data-id=\"3692b62\" data-element_type=\"container\" data-e-type=\"container\">\n\t\t\t\t\t<div class=\"e-con-inner\">\n\t\t\t\t\t<\/div>\n\t\t\t\t<\/div>\n\t\t\t\t<\/div>","protected":false},"excerpt":{"rendered":"<p>Heile deine Dualseelen-Einheit Hast du deine Dualseele getroffen, die tiefste Liebe deines Lebens?\u00a0 Nehmen die Trigger jedoch \u00fcberhand und seid ihr vielleicht sogar (wieder) getrennt? Sehnst du dich nach deiner WAHREN LIEBE? Bist du bereit f\u00fcr dein spirituelles Erwachen, das gr\u00f6\u00dfte Abenteuer deines Lebens? Hi, ich bin Daniela, und ich freue mich, dass du meine [&hellip;]<\/p>\n","protected":false},"author":1,"featured_media":0,"parent":0,"menu_order":0,"comment_status":"closed","ping_status":"closed","template":"","meta":{"ocean_post_layout":"full-screen","ocean_both_sidebars_style":"","ocean_both_sidebars_content_width":0,"ocean_both_sidebars_sidebars_width":0,"ocean_sidebar":"0","ocean_second_sidebar":"0","ocean_disable_margins":"enable","ocean_add_body_class":"","ocean_shortcode_before_top_bar":"","ocean_shortcode_after_top_bar":"","ocean_shortcode_before_header":"","ocean_shortcode_after_header":"","ocean_has_shortcode":"","ocean_shortcode_after_title":"","ocean_shortcode_before_footer_widgets":"","ocean_shortcode_after_footer_widgets":"","ocean_shortcode_before_footer_bottom":"","ocean_shortcode_after_footer_bottom":"","ocean_display_top_bar":"off","ocean_display_header":"default","ocean_header_style":"","ocean_center_header_left_menu":"0","ocean_custom_header_template":"0","ocean_custom_logo":0,"ocean_custom_retina_logo":0,"ocean_custom_logo_max_width":0,"ocean_custom_logo_tablet_max_width":0,"ocean_custom_logo_mobile_max_width":0,"ocean_custom_logo_max_height":0,"ocean_custom_logo_tablet_max_height":0,"ocean_custom_logo_mobile_max_height":0,"ocean_header_custom_menu":"0","ocean_menu_typo_font_family":"0","ocean_menu_typo_font_subset":"","ocean_menu_typo_font_size":0,"ocean_menu_typo_font_size_tablet":0,"ocean_menu_typo_font_size_mobile":0,"ocean_menu_typo_font_size_unit":"px","ocean_menu_typo_font_weight":"","ocean_menu_typo_font_weight_tablet":"","ocean_menu_typo_font_weight_mobile":"","ocean_menu_typo_transform":"","ocean_menu_typo_transform_tablet":"","ocean_menu_typo_transform_mobile":"","ocean_menu_typo_line_height":0,"ocean_menu_typo_line_height_tablet":0,"ocean_menu_typo_line_height_mobile":0,"ocean_menu_typo_line_height_unit":"","ocean_menu_typo_spacing":0,"ocean_menu_typo_spacing_tablet":0,"ocean_menu_typo_spacing_mobile":0,"ocean_menu_typo_spacing_unit":"","ocean_menu_link_color":"","ocean_menu_link_color_hover":"","ocean_menu_link_color_active":"","ocean_menu_link_background":"","ocean_menu_link_hover_background":"","ocean_menu_link_active_background":"","ocean_menu_social_links_bg":"","ocean_menu_social_hover_links_bg":"","ocean_menu_social_links_color":"","ocean_menu_social_hover_links_color":"","ocean_disable_title":"on","ocean_disable_heading":"default","ocean_post_title":"","ocean_post_subheading":"","ocean_post_title_style":"","ocean_post_title_background_color":"","ocean_post_title_background":0,"ocean_post_title_bg_image_position":"","ocean_post_title_bg_image_attachment":"","ocean_post_title_bg_image_repeat":"","ocean_post_title_bg_image_size":"","ocean_post_title_height":0,"ocean_post_title_bg_overlay":0.5,"ocean_post_title_bg_overlay_color":"","ocean_disable_breadcrumbs":"default","ocean_breadcrumbs_color":"","ocean_breadcrumbs_separator_color":"","ocean_breadcrumbs_links_color":"","ocean_breadcrumbs_links_hover_color":"","ocean_display_footer_widgets":"off","ocean_display_footer_bottom":"off","ocean_custom_footer_template":"0","footnotes":""},"class_list":["post-8","page","type-page","status-publish","hentry","entry"],"rttpg_featured_image_url":null,"rttpg_author":{"display_name":"admin","author_link":"https:\/\/twinflameshealingspace.com\/en\/author\/admin\/"},"rttpg_comment":0,"rttpg_category":null,"rttpg_excerpt":"Heile deine Dualseelen-Einheit Hast du deine Dualseele getroffen, die tiefste Liebe deines Lebens?\u00a0 Nehmen die Trigger jedoch \u00fcberhand und seid ihr vielleicht sogar (wieder) getrennt? Sehnst du dich nach deiner WAHREN LIEBE? Bist du bereit f\u00fcr dein spirituelles Erwachen, das gr\u00f6\u00dfte Abenteuer deines Lebens? Hi, ich bin Daniela, und ich freue mich, dass du meine&hellip;","_links":{"self":[{"href":"https:\/\/twinflameshealingspace.com\/en\/wp-json\/wp\/v2\/pages\/8","targetHints":{"allow":["GET"]}}],"collection":[{"href":"https:\/\/twinflameshealingspace.com\/en\/wp-json\/wp\/v2\/pages"}],"about":[{"href":"https:\/\/twinflameshealingspace.com\/en\/wp-json\/wp\/v2\/types\/page"}],"author":[{"embeddable":true,"href":"https:\/\/twinflameshealingspace.com\/en\/wp-json\/wp\/v2\/users\/1"}],"replies":[{"embeddable":true,"href":"https:\/\/twinflameshealingspace.com\/en\/wp-json\/wp\/v2\/comments?post=8"}],"version-history":[{"count":181,"href":"https:\/\/twinflameshealingspace.com\/en\/wp-json\/wp\/v2\/pages\/8\/revisions"}],"predecessor-version":[{"id":1681,"href":"https:\/\/twinflameshealingspace.com\/en\/wp-json\/wp\/v2\/pages\/8\/revisions\/1681"}],"wp:attachment":[{"href":"https:\/\/twinflameshealingspace.com\/en\/wp-json\/wp\/v2\/media?parent=8"}],"curies":[{"name":"wp","href":"https:\/\/api.w.org\/{rel}","templated":true}]}}