{"id":29,"date":"2023-10-16T14:08:29","date_gmt":"2023-10-16T14:08:29","guid":{"rendered":"https:\/\/twinflameshealingspace.com\/?page_id=29"},"modified":"2023-12-04T14:39:25","modified_gmt":"2023-12-04T14:39:25","slug":"haftungsausschluss","status":"publish","type":"page","link":"https:\/\/twinflameshealingspace.com\/en\/haftungsausschluss\/","title":{"rendered":"Haftungsausschluss"},"content":{"rendered":"<div data-elementor-type=\"wp-page\" data-elementor-id=\"29\" class=\"elementor elementor-29\">\n\t\t\t\t<div class=\"elementor-element elementor-element-ad33cdd e-flex e-con-boxed e-con e-parent\" data-id=\"ad33cdd\" data-element_type=\"container\" data-e-type=\"container\">\n\t\t\t\t\t<div class=\"e-con-inner\">\n\t\t\t\t<div class=\"elementor-element elementor-element-5676e68 elementor-widget elementor-widget-text-editor\" data-id=\"5676e68\" data-element_type=\"widget\" data-e-type=\"widget\" data-widget_type=\"text-editor.default\">\n\t\t\t\t<div class=\"elementor-widget-container\">\n\t\t\t\t\t\t\t\t\t<p>Es handelt sich bei Ascension Coaching und der Spiegel\u00fcbung ausschlie\u00dflich um Methoden zur Aktivierung der Selbstheilungskr\u00e4fte. Sie ersetzen nicht die Diagnose oder Behandlung durch \u00c4rzt*innen, Heilpraktiker*innen, Psycholog*innen oder Psychiater*innen.<\/p><p>Die Auftragnehmerin erstellt keine medizinischen Diagnosen und f\u00fchrt keine Behandlungen der Heilkunde im gesetzlichen Sinne durch. Es werden keinerlei Heilungsversprechen abgegeben.<\/p><p>\u00a0<\/p><p>Vereinbarte Termine, die nicht wahrgenommen werden k\u00f6nnen, m\u00fcssen bis sp\u00e4testens 24 Stunden vorher abgesagt oder verschoben werden, sonst verf\u00e4llt der Termin ersatzlos und es fallen die vollen Kosten an. Bei Zusp\u00e4tkommen zum Termin von mehr als 15 Min. verf\u00e4llt der Termin ebenfalls. Bei Zusp\u00e4tkommen von bis zu 15 Min. wird die Zeit von der Sitzung abgezogen und kann nicht nachgeholt werden.<\/p><p>\u00a0<\/p><p>Wenn du dich suizidgef\u00e4hrdet f\u00fchlst, wende dich bitte an die Telefon-Seelsorge unter Tel.: 0800 \u2013 111 0 111. Diese ist 24 Stunden erreichbar.<\/p><p>\u00a0<\/p><p>Alle auf dieser Webseite verwendeten Bilder (au\u00dfer Portraits D. N.) sind lizenzfreie Bilder (pixabay.com) oder aus der Canva oder iStock Lizenz.<\/p>\t\t\t\t\t\t\t\t<\/div>\n\t\t\t\t<\/div>\n\t\t\t\t\t<\/div>\n\t\t\t\t<\/div>\n\t\t\t\t<\/div>","protected":false},"excerpt":{"rendered":"<p>Es handelt sich bei Ascension Coaching und der Spiegel\u00fcbung ausschlie\u00dflich um Methoden zur Aktivierung der Selbstheilungskr\u00e4fte. Sie ersetzen nicht die Diagnose oder Behandlung durch \u00c4rzt*innen, Heilpraktiker*innen, Psycholog*innen oder Psychiater*innen. Die Auftragnehmerin erstellt keine medizinischen Diagnosen und f\u00fchrt keine Behandlungen der Heilkunde im gesetzlichen Sinne durch. Es werden keinerlei Heilungsversprechen abgegeben. \u00a0 Vereinbarte Termine, die nicht [&hellip;]<\/p>\n","protected":false},"author":1,"featured_media":0,"parent":0,"menu_order":0,"comment_status":"closed","ping_status":"closed","template":"","meta":{"ocean_post_layout":"full-screen","ocean_both_sidebars_style":"","ocean_both_sidebars_content_width":0,"ocean_both_sidebars_sidebars_width":0,"ocean_sidebar":"","ocean_second_sidebar":"","ocean_disable_margins":"enable","ocean_add_body_class":"","ocean_shortcode_before_top_bar":"","ocean_shortcode_after_top_bar":"","ocean_shortcode_before_header":"","ocean_shortcode_after_header":"","ocean_has_shortcode":"","ocean_shortcode_after_title":"","ocean_shortcode_before_footer_widgets":"","ocean_shortcode_after_footer_widgets":"","ocean_shortcode_before_footer_bottom":"","ocean_shortcode_after_footer_bottom":"","ocean_display_top_bar":"off","ocean_display_header":"default","ocean_header_style":"","ocean_center_header_left_menu":"","ocean_custom_header_template":"","ocean_custom_logo":0,"ocean_custom_retina_logo":0,"ocean_custom_logo_max_width":0,"ocean_custom_logo_tablet_max_width":0,"ocean_custom_logo_mobile_max_width":0,"ocean_custom_logo_max_height":0,"ocean_custom_logo_tablet_max_height":0,"ocean_custom_logo_mobile_max_height":0,"ocean_header_custom_menu":"","ocean_menu_typo_font_family":"","ocean_menu_typo_font_subset":"","ocean_menu_typo_font_size":0,"ocean_menu_typo_font_size_tablet":0,"ocean_menu_typo_font_size_mobile":0,"ocean_menu_typo_font_size_unit":"px","ocean_menu_typo_font_weight":"","ocean_menu_typo_font_weight_tablet":"","ocean_menu_typo_font_weight_mobile":"","ocean_menu_typo_transform":"","ocean_menu_typo_transform_tablet":"","ocean_menu_typo_transform_mobile":"","ocean_menu_typo_line_height":0,"ocean_menu_typo_line_height_tablet":0,"ocean_menu_typo_line_height_mobile":0,"ocean_menu_typo_line_height_unit":"","ocean_menu_typo_spacing":0,"ocean_menu_typo_spacing_tablet":0,"ocean_menu_typo_spacing_mobile":0,"ocean_menu_typo_spacing_unit":"","ocean_menu_link_color":"","ocean_menu_link_color_hover":"","ocean_menu_link_color_active":"","ocean_menu_link_background":"","ocean_menu_link_hover_background":"","ocean_menu_link_active_background":"","ocean_menu_social_links_bg":"","ocean_menu_social_hover_links_bg":"","ocean_menu_social_links_color":"","ocean_menu_social_hover_links_color":"","ocean_disable_title":"default","ocean_disable_heading":"default","ocean_post_title":"","ocean_post_subheading":"","ocean_post_title_style":"","ocean_post_title_background_color":"","ocean_post_title_background":0,"ocean_post_title_bg_image_position":"","ocean_post_title_bg_image_attachment":"","ocean_post_title_bg_image_repeat":"","ocean_post_title_bg_image_size":"","ocean_post_title_height":0,"ocean_post_title_bg_overlay":0.5,"ocean_post_title_bg_overlay_color":"","ocean_disable_breadcrumbs":"default","ocean_breadcrumbs_color":"","ocean_breadcrumbs_separator_color":"","ocean_breadcrumbs_links_color":"","ocean_breadcrumbs_links_hover_color":"","ocean_display_footer_widgets":"off","ocean_display_footer_bottom":"off","ocean_custom_footer_template":"","footnotes":""},"class_list":["post-29","page","type-page","status-publish","hentry","entry"],"rttpg_featured_image_url":null,"rttpg_author":{"display_name":"admin","author_link":"https:\/\/twinflameshealingspace.com\/en\/author\/admin\/"},"rttpg_comment":0,"rttpg_category":null,"rttpg_excerpt":"Es handelt sich bei Ascension Coaching und der Spiegel\u00fcbung ausschlie\u00dflich um Methoden zur Aktivierung der Selbstheilungskr\u00e4fte. Sie ersetzen nicht die Diagnose oder Behandlung durch \u00c4rzt*innen, Heilpraktiker*innen, Psycholog*innen oder Psychiater*innen. Die Auftragnehmerin erstellt keine medizinischen Diagnosen und f\u00fchrt keine Behandlungen der Heilkunde im gesetzlichen Sinne durch. Es werden keinerlei Heilungsversprechen abgegeben. \u00a0 Vereinbarte Termine, die nicht&hellip;","_links":{"self":[{"href":"https:\/\/twinflameshealingspace.com\/en\/wp-json\/wp\/v2\/pages\/29","targetHints":{"allow":["GET"]}}],"collection":[{"href":"https:\/\/twinflameshealingspace.com\/en\/wp-json\/wp\/v2\/pages"}],"about":[{"href":"https:\/\/twinflameshealingspace.com\/en\/wp-json\/wp\/v2\/types\/page"}],"author":[{"embeddable":true,"href":"https:\/\/twinflameshealingspace.com\/en\/wp-json\/wp\/v2\/users\/1"}],"replies":[{"embeddable":true,"href":"https:\/\/twinflameshealingspace.com\/en\/wp-json\/wp\/v2\/comments?post=29"}],"version-history":[{"count":10,"href":"https:\/\/twinflameshealingspace.com\/en\/wp-json\/wp\/v2\/pages\/29\/revisions"}],"predecessor-version":[{"id":522,"href":"https:\/\/twinflameshealingspace.com\/en\/wp-json\/wp\/v2\/pages\/29\/revisions\/522"}],"wp:attachment":[{"href":"https:\/\/twinflameshealingspace.com\/en\/wp-json\/wp\/v2\/media?parent=29"}],"curies":[{"name":"wp","href":"https:\/\/api.w.org\/{rel}","templated":true}]}}