{"id":1619,"date":"2025-06-23T13:54:26","date_gmt":"2025-06-23T13:54:26","guid":{"rendered":"https:\/\/twinflameshealingspace.com\/?page_id=1619"},"modified":"2026-03-30T09:33:01","modified_gmt":"2026-03-30T09:33:01","slug":"shop","status":"publish","type":"page","link":"https:\/\/twinflameshealingspace.com\/en\/shop\/","title":{"rendered":"Shop"},"content":{"rendered":"<div data-elementor-type=\"wp-page\" data-elementor-id=\"1619\" class=\"elementor elementor-1619\">\n\t\t\t\t<div class=\"elementor-element elementor-element-25e29a6 e-flex e-con-boxed e-con e-parent\" data-id=\"25e29a6\" data-element_type=\"container\" data-e-type=\"container\">\n\t\t\t\t\t<div class=\"e-con-inner\">\n\t\t\t\t<div class=\"elementor-element elementor-element-c1d8c8d elementor-widget elementor-widget-heading\" data-id=\"c1d8c8d\" data-element_type=\"widget\" data-e-type=\"widget\" data-widget_type=\"heading.default\">\n\t\t\t\t<div class=\"elementor-widget-container\">\n\t\t\t\t\t<h2 class=\"elementor-heading-title elementor-size-default\">Shop<\/h2>\t\t\t\t<\/div>\n\t\t\t\t<\/div>\n\t\t\t\t<div class=\"elementor-element elementor-element-753b215 elementor-widget elementor-widget-text-editor\" data-id=\"753b215\" data-element_type=\"widget\" data-e-type=\"widget\" data-widget_type=\"text-editor.default\">\n\t\t\t\t<div class=\"elementor-widget-container\">\n\t\t\t\t\t\t\t\t\t<p>Herzlich Willkommen in meinem kleinen, aber feinen Shop!<\/p><p>Hier kannst du ganz besondere, heilsame Meditationen und Workshops zur Unterst\u00fctzung auf deiner Dualseelenreise herunterladen.\u00a0<\/p><p>Der Kauf erfolgt jeweils \u00fcber die Buchung eines fiktiven Termins.<\/p>\t\t\t\t\t\t\t\t<\/div>\n\t\t\t\t<\/div>\n\t\t<div class=\"elementor-element elementor-element-fc8b7a6 e-con-full e-flex e-con e-child\" data-id=\"fc8b7a6\" data-element_type=\"container\" data-e-type=\"container\">\n\t\t\t\t<div class=\"elementor-element elementor-element-feb5220 elementor-widget elementor-widget-image\" data-id=\"feb5220\" data-element_type=\"widget\" data-e-type=\"widget\" data-widget_type=\"image.default\">\n\t\t\t\t<div class=\"elementor-widget-container\">\n\t\t\t\t\t\t\t\t\t\t\t\t\t\t\t<img fetchpriority=\"high\" decoding=\"async\" width=\"300\" height=\"300\" src=\"https:\/\/twinflameshealingspace.com\/wp-content\/uploads\/2025\/06\/Meditation-1-300x300.jpg\" class=\"attachment-medium size-medium wp-image-1643\" alt=\"\" srcset=\"https:\/\/twinflameshealingspace.com\/wp-content\/uploads\/2025\/06\/Meditation-1-300x300.jpg 300w, https:\/\/twinflameshealingspace.com\/wp-content\/uploads\/2025\/06\/Meditation-1-1024x1024.jpg 1024w, https:\/\/twinflameshealingspace.com\/wp-content\/uploads\/2025\/06\/Meditation-1-150x150.jpg 150w, https:\/\/twinflameshealingspace.com\/wp-content\/uploads\/2025\/06\/Meditation-1-768x768.jpg 768w, https:\/\/twinflameshealingspace.com\/wp-content\/uploads\/2025\/06\/Meditation-1-12x12.jpg 12w, https:\/\/twinflameshealingspace.com\/wp-content\/uploads\/2025\/06\/Meditation-1-600x600.jpg 600w, https:\/\/twinflameshealingspace.com\/wp-content\/uploads\/2025\/06\/Meditation-1.jpg 1080w\" sizes=\"(max-width: 300px) 100vw, 300px\" \/>\t\t\t\t\t\t\t\t\t\t\t\t\t\t\t<\/div>\n\t\t\t\t<\/div>\n\t\t\t\t<\/div>\n\t\t\t\t\t<\/div>\n\t\t\t\t<\/div>\n\t\t<div class=\"elementor-element elementor-element-433ef5c e-flex e-con-boxed e-con e-parent\" data-id=\"433ef5c\" data-element_type=\"container\" data-e-type=\"container\">\n\t\t\t\t\t<div class=\"e-con-inner\">\n\t\t\t\t<div class=\"elementor-element elementor-element-eb9f5e0 elementor-widget elementor-widget-heading\" data-id=\"eb9f5e0\" data-element_type=\"widget\" data-e-type=\"widget\" data-widget_type=\"heading.default\">\n\t\t\t\t<div class=\"elementor-widget-container\">\n\t\t\t\t\t<h4 class=\"elementor-heading-title elementor-size-default\">Tauche ein in eine kraftvolle Heilmeditation, die dich sanft mit der tiefen, n\u00e4hrenden Energie von Mutter Erde verbindet und gleichzeitig dein Herz f\u00fcr das Licht und die Weite des Himmels \u00f6ffnet.<br><br>Aus dieser heiligen Verbindung heraus findest du den Weg in dein eigenes Herz. Dort, in der inneren Stille und Weite, begegnest du deiner Dualseele - begegnet ihr euch, jenseits von Raum und Zeit - in der h\u00f6chsten Wahrheit eurer Einheit.<br><br>Alte Verletzungen d\u00fcrfen heilen, Blockaden sich l\u00f6sen, w\u00e4hrend sich die Einheit eurer Herzen erinnert und sich entfaltet. \n\nBegleitet wird diese gef\u00fchrte Reise von sanften Kl\u00e4ngen harmonischer und beruhigender Musik auf der 432 hz Frequenz - einer Schwingung, die K\u00f6rper, Geist und Seele in Harmonie bringt.<br><br>Sp\u00fcre die Verbindung.<br>F\u00fchle die Liebe.<br>Erinnere dich an die Einheit.<\/h4>\t\t\t\t<\/div>\n\t\t\t\t<\/div>\n\t\t\t\t<div class=\"elementor-element elementor-element-328decf elementor-widget elementor-widget-text-editor\" data-id=\"328decf\" data-element_type=\"widget\" data-e-type=\"widget\" data-widget_type=\"text-editor.default\">\n\t\t\t\t<div class=\"elementor-widget-container\">\n\t\t\t\t\t\t\t\t\t<p>Mit dem Klick auf &#8222;Jetzt kaufen&#8220; wirst du in mein Buchungssystem geleitet. Mit der Buchung eines fiktiven Termins, der rein zum Kauf dieser Meditation dient und nicht tats\u00e4chlich stattfinden wird, erh\u00e4ltst du nach der Zahlung eine Best\u00e4tigungs-Email mit dem Download-Link f\u00fcr die Meditation als MP3-Datei. Hiermit kannst du die Meditation beliebig oft herunterladen.<\/p><p>Dauer: 22:18 min<\/p><p>Format: MP3<\/p>\t\t\t\t\t\t\t\t<\/div>\n\t\t\t\t<\/div>\n\t\t\t\t<div class=\"elementor-element elementor-element-c4355dd elementor-widget elementor-widget-text-editor\" data-id=\"c4355dd\" data-element_type=\"widget\" data-e-type=\"widget\" data-widget_type=\"text-editor.default\">\n\t\t\t\t<div class=\"elementor-widget-container\">\n\t\t\t\t\t\t\t\t\t<p>Preis: 28 US $<\/p>\t\t\t\t\t\t\t\t<\/div>\n\t\t\t\t<\/div>\n\t\t\t\t\t<\/div>\n\t\t\t\t<\/div>\n\t\t<div class=\"elementor-element elementor-element-98dc311 e-flex e-con-boxed e-con e-parent\" data-id=\"98dc311\" data-element_type=\"container\" data-e-type=\"container\">\n\t\t\t\t\t<div class=\"e-con-inner\">\n\t\t\t\t<div class=\"elementor-element elementor-element-623b6e9 elementor-widget elementor-widget-button\" data-id=\"623b6e9\" data-element_type=\"widget\" data-e-type=\"widget\" data-widget_type=\"button.default\">\n\t\t\t\t<div class=\"elementor-widget-container\">\n\t\t\t\t\t\t\t\t\t<div class=\"elementor-button-wrapper\">\n\t\t\t\t\t<a class=\"elementor-button elementor-button-link elementor-size-sm\" href=\"https:\/\/calendly.com\/twinflameshealingspace\/84-meditation-bedingungslose-liebe-435hz-kaufen\">\n\t\t\t\t\t\t<span class=\"elementor-button-content-wrapper\">\n\t\t\t\t\t\t\t\t\t<span class=\"elementor-button-text\">Jetzt kaufen<\/span>\n\t\t\t\t\t<\/span>\n\t\t\t\t\t<\/a>\n\t\t\t\t<\/div>\n\t\t\t\t\t\t\t\t<\/div>\n\t\t\t\t<\/div>\n\t\t\t\t<div class=\"elementor-element elementor-element-a493996 elementor-widget elementor-widget-spacer\" data-id=\"a493996\" data-element_type=\"widget\" data-e-type=\"widget\" data-widget_type=\"spacer.default\">\n\t\t\t\t<div class=\"elementor-widget-container\">\n\t\t\t\t\t\t\t<div class=\"elementor-spacer\">\n\t\t\t<div class=\"elementor-spacer-inner\"><\/div>\n\t\t<\/div>\n\t\t\t\t\t\t<\/div>\n\t\t\t\t<\/div>\n\t\t\t\t\t<\/div>\n\t\t\t\t<\/div>\n\t\t<div class=\"elementor-element elementor-element-d069d98 e-flex e-con-boxed e-con e-parent\" data-id=\"d069d98\" data-element_type=\"container\" data-e-type=\"container\">\n\t\t\t\t\t<div class=\"e-con-inner\">\n\t\t\t\t<div class=\"elementor-element elementor-element-a76e0ec elementor-widget elementor-widget-image\" data-id=\"a76e0ec\" data-element_type=\"widget\" data-e-type=\"widget\" data-widget_type=\"image.default\">\n\t\t\t\t<div class=\"elementor-widget-container\">\n\t\t\t\t\t\t\t\t\t\t\t\t\t\t\t<img decoding=\"async\" width=\"300\" height=\"300\" src=\"https:\/\/twinflameshealingspace.com\/wp-content\/uploads\/2025\/12\/WORKSHOP-17-300x300.jpg\" class=\"attachment-medium size-medium wp-image-1802\" alt=\"\" srcset=\"https:\/\/twinflameshealingspace.com\/wp-content\/uploads\/2025\/12\/WORKSHOP-17-300x300.jpg 300w, https:\/\/twinflameshealingspace.com\/wp-content\/uploads\/2025\/12\/WORKSHOP-17-1024x1024.jpg 1024w, https:\/\/twinflameshealingspace.com\/wp-content\/uploads\/2025\/12\/WORKSHOP-17-150x150.jpg 150w, https:\/\/twinflameshealingspace.com\/wp-content\/uploads\/2025\/12\/WORKSHOP-17-768x768.jpg 768w, https:\/\/twinflameshealingspace.com\/wp-content\/uploads\/2025\/12\/WORKSHOP-17-12x12.jpg 12w, https:\/\/twinflameshealingspace.com\/wp-content\/uploads\/2025\/12\/WORKSHOP-17-600x600.jpg 600w, https:\/\/twinflameshealingspace.com\/wp-content\/uploads\/2025\/12\/WORKSHOP-17.jpg 1080w\" sizes=\"(max-width: 300px) 100vw, 300px\" \/>\t\t\t\t\t\t\t\t\t\t\t\t\t\t\t<\/div>\n\t\t\t\t<\/div>\n\t\t\t\t\t<\/div>\n\t\t\t\t<\/div>\n\t\t<div class=\"elementor-element elementor-element-d65444b e-flex e-con-boxed e-con e-parent\" data-id=\"d65444b\" data-element_type=\"container\" data-e-type=\"container\">\n\t\t\t\t\t<div class=\"e-con-inner\">\n\t\t\t\t<div class=\"elementor-element elementor-element-446c56d elementor-widget elementor-widget-text-editor\" data-id=\"446c56d\" data-element_type=\"widget\" data-e-type=\"widget\" data-widget_type=\"text-editor.default\">\n\t\t\t\t<div class=\"elementor-widget-container\">\n\t\t\t\t\t\t\t\t\t<p>Dieser Workshop aus meiner &#8222;Diving Deep&#8220; &#8211; Reihe ist f\u00fcr dich, wenn du in deiner Kindheit narzisstisches Verhalten von einem oder beiden Elternteilen erlebt hast. In diesem Workshop geht es im ersten Teil (30 min) um tiefes&nbsp; Erkennen narzisstischer Muster, speziell mit dem Fokus auf die Bedeutung narzisstischer Erfahrungen f\u00fcr deine Dualseelenreise.<\/p>\n<p>Im zweiten Teil folgt die Meditation &#8222;Befreie dein inneres Kind&#8220; (28:50 min) &#8211; eine heilsame Meditation mit integrierter Spiegel\u00fcbung, in der du deinen verletzten inneren Anteil aus dieser von Schmerz gepr\u00e4gten Kindheit befreien kannst. Sanfte und tiefe Heilung darf nun endlich geschehen.<\/p>\t\t\t\t\t\t\t\t<\/div>\n\t\t\t\t<\/div>\n\t\t\t\t<div class=\"elementor-element elementor-element-3a84b2b elementor-widget elementor-widget-text-editor\" data-id=\"3a84b2b\" data-element_type=\"widget\" data-e-type=\"widget\" data-widget_type=\"text-editor.default\">\n\t\t\t\t<div class=\"elementor-widget-container\">\n\t\t\t\t\t\t\t\t\t<p>Mit dem Klick auf &#8222;Jetzt kaufen&#8220; wirst du in mein Buchungssystem geleitet. Mit der Buchung eines fiktiven Termins, der rein zum Kauf dieser Workshop-Aufzeichnung dient und nicht tats\u00e4chlich stattfinden wird, erh\u00e4ltst du nach der Zahlung eine Best\u00e4tigungs-Email mit dem Download-Link f\u00fcr den Workshop als Audio-Datei (mp3). Hiermit kannst du dir den Workshop beliebig oft herunterladen.<\/p><p>Dauer: 58:50 min<\/p><p>Format: MP3<\/p>\t\t\t\t\t\t\t\t<\/div>\n\t\t\t\t<\/div>\n\t\t\t\t<div class=\"elementor-element elementor-element-abe0464 elementor-widget elementor-widget-text-editor\" data-id=\"abe0464\" data-element_type=\"widget\" data-e-type=\"widget\" data-widget_type=\"text-editor.default\">\n\t\t\t\t<div class=\"elementor-widget-container\">\n\t\t\t\t\t\t\t\t\t<p>Preis: 48 US $<\/p>\t\t\t\t\t\t\t\t<\/div>\n\t\t\t\t<\/div>\n\t\t\t\t<div class=\"elementor-element elementor-element-988582f elementor-widget elementor-widget-button\" data-id=\"988582f\" data-element_type=\"widget\" data-e-type=\"widget\" data-widget_type=\"button.default\">\n\t\t\t\t<div class=\"elementor-widget-container\">\n\t\t\t\t\t\t\t\t\t<div class=\"elementor-button-wrapper\">\n\t\t\t\t\t<a class=\"elementor-button elementor-button-link elementor-size-sm\" href=\"https:\/\/calendly.com\/twinflameshealingspace\/84-workshop-aufzeichnung-narzissmus-kaufen\">\n\t\t\t\t\t\t<span class=\"elementor-button-content-wrapper\">\n\t\t\t\t\t\t\t\t\t<span class=\"elementor-button-text\">Jetzt kaufen<\/span>\n\t\t\t\t\t<\/span>\n\t\t\t\t\t<\/a>\n\t\t\t\t<\/div>\n\t\t\t\t\t\t\t\t<\/div>\n\t\t\t\t<\/div>\n\t\t\t\t<div class=\"elementor-element elementor-element-e232d00 elementor-widget elementor-widget-spacer\" data-id=\"e232d00\" data-element_type=\"widget\" data-e-type=\"widget\" data-widget_type=\"spacer.default\">\n\t\t\t\t<div class=\"elementor-widget-container\">\n\t\t\t\t\t\t\t<div class=\"elementor-spacer\">\n\t\t\t<div class=\"elementor-spacer-inner\"><\/div>\n\t\t<\/div>\n\t\t\t\t\t\t<\/div>\n\t\t\t\t<\/div>\n\t\t\t\t\t<\/div>\n\t\t\t\t<\/div>\n\t\t<div class=\"elementor-element elementor-element-93a1ac1 e-flex e-con-boxed e-con e-parent\" data-id=\"93a1ac1\" data-element_type=\"container\" data-e-type=\"container\">\n\t\t\t\t\t<div class=\"e-con-inner\">\n\t\t\t\t<div class=\"elementor-element elementor-element-df63ba9 elementor-widget elementor-widget-image\" data-id=\"df63ba9\" data-element_type=\"widget\" data-e-type=\"widget\" data-widget_type=\"image.default\">\n\t\t\t\t<div class=\"elementor-widget-container\">\n\t\t\t\t\t\t\t\t\t\t\t\t\t\t\t<img decoding=\"async\" width=\"300\" height=\"300\" src=\"https:\/\/twinflameshealingspace.com\/wp-content\/uploads\/2026\/03\/WORKSHOP-18-300x300.jpg\" class=\"attachment-medium size-medium wp-image-1828\" alt=\"\" srcset=\"https:\/\/twinflameshealingspace.com\/wp-content\/uploads\/2026\/03\/WORKSHOP-18-300x300.jpg 300w, https:\/\/twinflameshealingspace.com\/wp-content\/uploads\/2026\/03\/WORKSHOP-18-1024x1024.jpg 1024w, https:\/\/twinflameshealingspace.com\/wp-content\/uploads\/2026\/03\/WORKSHOP-18-150x150.jpg 150w, https:\/\/twinflameshealingspace.com\/wp-content\/uploads\/2026\/03\/WORKSHOP-18-768x768.jpg 768w, https:\/\/twinflameshealingspace.com\/wp-content\/uploads\/2026\/03\/WORKSHOP-18-12x12.jpg 12w, https:\/\/twinflameshealingspace.com\/wp-content\/uploads\/2026\/03\/WORKSHOP-18-600x600.jpg 600w, https:\/\/twinflameshealingspace.com\/wp-content\/uploads\/2026\/03\/WORKSHOP-18.jpg 1080w\" sizes=\"(max-width: 300px) 100vw, 300px\" \/>\t\t\t\t\t\t\t\t\t\t\t\t\t\t\t<\/div>\n\t\t\t\t<\/div>\n\t\t\t\t\t<\/div>\n\t\t\t\t<\/div>\n\t\t<div class=\"elementor-element elementor-element-27420a4 e-flex e-con-boxed e-con e-parent\" data-id=\"27420a4\" data-element_type=\"container\" data-e-type=\"container\">\n\t\t\t\t\t<div class=\"e-con-inner\">\n\t\t<div class=\"elementor-element elementor-element-370e435 e-con-full e-flex e-con e-child\" data-id=\"370e435\" data-element_type=\"container\" data-e-type=\"container\">\n\t\t\t\t<div class=\"elementor-element elementor-element-98d818d elementor-widget elementor-widget-text-editor\" data-id=\"98d818d\" data-element_type=\"widget\" data-e-type=\"widget\" data-widget_type=\"text-editor.default\">\n\t\t\t\t<div class=\"elementor-widget-container\">\n\t\t\t\t\t\t\t\t\t<p><span style=\"font-weight: 400;\">Die Dualseelenreise und die Heilung der Geburtswunde<\/span><\/p><p><span style=\"font-weight: 400;\">Die eigene Geburt, der Moment, in dem wir als Baby auf der Erde ankommen, ist ein zentraler Moment im Leben. Je nachdem, was wir bei der Geburt (und auch schon davor, im Mutterleib) erleben, werden die Erfahrungen, die wir sp\u00e4ter machen &#8211; in den ersten Lebenswochen und -monaten, aber auch in den vielen Jahren danach &#8211; positiv oder negativ beeinflusst.\u00a0<\/span><\/p><p><span style=\"font-weight: 400;\">Die Geburt ist ein Moment, in dem viel Trennungsbewusstsein in uns entstehen und zementiert werden kann. Der Weg in die gelebte Dualseeleneinheit erfordert die tiefe Heilung jeglicher Trennung und die vollst\u00e4ndige R\u00fcckkehr in das Einheitsbewusstsein.<\/span><\/p><p><span style=\"font-weight: 400;\">Inhalt des Workshops:<\/span><\/p><p><span style=\"font-weight: 400;\">Die Geburtswunde erkennen, f\u00fchlen und verstehen (25 min)<\/span><\/p><p><span style=\"font-size: 14px; font-weight: 400;\">Gro\u00dfe Innere Heilreise: Heile deine Geburt und erfahre das Bewusstsein der Einheit (35 min)<\/span><\/p>\t\t\t\t\t\t\t\t<\/div>\n\t\t\t\t<\/div>\n\t\t\t\t<div class=\"elementor-element elementor-element-51eac99 elementor-widget elementor-widget-text-editor\" data-id=\"51eac99\" data-element_type=\"widget\" data-e-type=\"widget\" data-widget_type=\"text-editor.default\">\n\t\t\t\t<div class=\"elementor-widget-container\">\n\t\t\t\t\t\t\t\t\t<p>Mit dem Klick auf &#8222;Jetzt kaufen&#8220; wirst du in mein Buchungssystem geleitet. Mit der Buchung eines fiktiven Termins, der rein zum Kauf dieser Workshop-Aufzeichnung dient und nicht tats\u00e4chlich stattfinden wird, erh\u00e4ltst du nach der Zahlung eine Best\u00e4tigungs-Email mit dem Download-Link f\u00fcr den Workshop als Audio-Datei (mp3). Hiermit kannst du dir den Workshop beliebig oft herunterladen.<\/p><p>Dauer: ca. 60 min<\/p><p>Format: MP3<\/p>\t\t\t\t\t\t\t\t<\/div>\n\t\t\t\t<\/div>\n\t\t\t\t<div class=\"elementor-element elementor-element-5286f3d elementor-widget elementor-widget-text-editor\" data-id=\"5286f3d\" data-element_type=\"widget\" data-e-type=\"widget\" data-widget_type=\"text-editor.default\">\n\t\t\t\t<div class=\"elementor-widget-container\">\n\t\t\t\t\t\t\t\t\t<p>Preis: 55 US $<\/p>\t\t\t\t\t\t\t\t<\/div>\n\t\t\t\t<\/div>\n\t\t\t\t<div class=\"elementor-element elementor-element-d1f8e9a elementor-widget elementor-widget-button\" data-id=\"d1f8e9a\" data-element_type=\"widget\" data-e-type=\"widget\" data-widget_type=\"button.default\">\n\t\t\t\t<div class=\"elementor-widget-container\">\n\t\t\t\t\t\t\t\t\t<div class=\"elementor-button-wrapper\">\n\t\t\t\t\t<a class=\"elementor-button elementor-button-link elementor-size-sm\" href=\"https:\/\/calendly.com\/twinflameshealingspace\/84-workshop-aufzeichnung-geburtswunde-heilen\">\n\t\t\t\t\t\t<span class=\"elementor-button-content-wrapper\">\n\t\t\t\t\t\t\t\t\t<span class=\"elementor-button-text\">Jetzt kaufen<\/span>\n\t\t\t\t\t<\/span>\n\t\t\t\t\t<\/a>\n\t\t\t\t<\/div>\n\t\t\t\t\t\t\t\t<\/div>\n\t\t\t\t<\/div>\n\t\t\t\t<div class=\"elementor-element elementor-element-adfb75e elementor-widget elementor-widget-spacer\" data-id=\"adfb75e\" data-element_type=\"widget\" data-e-type=\"widget\" data-widget_type=\"spacer.default\">\n\t\t\t\t<div class=\"elementor-widget-container\">\n\t\t\t\t\t\t\t<div class=\"elementor-spacer\">\n\t\t\t<div class=\"elementor-spacer-inner\"><\/div>\n\t\t<\/div>\n\t\t\t\t\t\t<\/div>\n\t\t\t\t<\/div>\n\t\t\t\t<\/div>\n\t\t\t\t\t<\/div>\n\t\t\t\t<\/div>\n\t\t\t\t<\/div>","protected":false},"excerpt":{"rendered":"<p>Shop Herzlich Willkommen in meinem kleinen, aber feinen Shop! Hier kannst du ganz besondere, heilsame Meditationen und Workshops zur Unterst\u00fctzung auf deiner Dualseelenreise herunterladen.\u00a0 Der Kauf erfolgt jeweils \u00fcber die Buchung eines fiktiven Termins. Tauche ein in eine kraftvolle Heilmeditation, die dich sanft mit der tiefen, n\u00e4hrenden Energie von Mutter Erde verbindet und gleichzeitig dein [&hellip;]<\/p>\n","protected":false},"author":1,"featured_media":0,"parent":0,"menu_order":0,"comment_status":"closed","ping_status":"closed","template":"","meta":{"ocean_post_layout":"","ocean_both_sidebars_style":"","ocean_both_sidebars_content_width":0,"ocean_both_sidebars_sidebars_width":0,"ocean_sidebar":"","ocean_second_sidebar":"","ocean_disable_margins":"enable","ocean_add_body_class":"","ocean_shortcode_before_top_bar":"","ocean_shortcode_after_top_bar":"","ocean_shortcode_before_header":"","ocean_shortcode_after_header":"","ocean_has_shortcode":"","ocean_shortcode_after_title":"","ocean_shortcode_before_footer_widgets":"","ocean_shortcode_after_footer_widgets":"","ocean_shortcode_before_footer_bottom":"","ocean_shortcode_after_footer_bottom":"","ocean_display_top_bar":"default","ocean_display_header":"default","ocean_header_style":"","ocean_center_header_left_menu":"","ocean_custom_header_template":"","ocean_custom_logo":0,"ocean_custom_retina_logo":0,"ocean_custom_logo_max_width":0,"ocean_custom_logo_tablet_max_width":0,"ocean_custom_logo_mobile_max_width":0,"ocean_custom_logo_max_height":0,"ocean_custom_logo_tablet_max_height":0,"ocean_custom_logo_mobile_max_height":0,"ocean_header_custom_menu":"","ocean_menu_typo_font_family":"","ocean_menu_typo_font_subset":"","ocean_menu_typo_font_size":0,"ocean_menu_typo_font_size_tablet":0,"ocean_menu_typo_font_size_mobile":0,"ocean_menu_typo_font_size_unit":"px","ocean_menu_typo_font_weight":"","ocean_menu_typo_font_weight_tablet":"","ocean_menu_typo_font_weight_mobile":"","ocean_menu_typo_transform":"","ocean_menu_typo_transform_tablet":"","ocean_menu_typo_transform_mobile":"","ocean_menu_typo_line_height":0,"ocean_menu_typo_line_height_tablet":0,"ocean_menu_typo_line_height_mobile":0,"ocean_menu_typo_line_height_unit":"","ocean_menu_typo_spacing":0,"ocean_menu_typo_spacing_tablet":0,"ocean_menu_typo_spacing_mobile":0,"ocean_menu_typo_spacing_unit":"","ocean_menu_link_color":"","ocean_menu_link_color_hover":"","ocean_menu_link_color_active":"","ocean_menu_link_background":"","ocean_menu_link_hover_background":"","ocean_menu_link_active_background":"","ocean_menu_social_links_bg":"","ocean_menu_social_hover_links_bg":"","ocean_menu_social_links_color":"","ocean_menu_social_hover_links_color":"","ocean_disable_title":"default","ocean_disable_heading":"default","ocean_post_title":"","ocean_post_subheading":"","ocean_post_title_style":"","ocean_post_title_background_color":"","ocean_post_title_background":0,"ocean_post_title_bg_image_position":"","ocean_post_title_bg_image_attachment":"","ocean_post_title_bg_image_repeat":"","ocean_post_title_bg_image_size":"","ocean_post_title_height":0,"ocean_post_title_bg_overlay":0.5,"ocean_post_title_bg_overlay_color":"","ocean_disable_breadcrumbs":"default","ocean_breadcrumbs_color":"","ocean_breadcrumbs_separator_color":"","ocean_breadcrumbs_links_color":"","ocean_breadcrumbs_links_hover_color":"","ocean_display_footer_widgets":"default","ocean_display_footer_bottom":"default","ocean_custom_footer_template":"","footnotes":""},"class_list":["post-1619","page","type-page","status-publish","hentry","entry"],"rttpg_featured_image_url":null,"rttpg_author":{"display_name":"admin","author_link":"https:\/\/twinflameshealingspace.com\/en\/author\/admin\/"},"rttpg_comment":0,"rttpg_category":null,"rttpg_excerpt":"Shop Herzlich Willkommen in meinem kleinen, aber feinen Shop! Hier kannst du ganz besondere, heilsame Meditationen und Workshops zur Unterst\u00fctzung auf deiner Dualseelenreise herunterladen.\u00a0 Der Kauf erfolgt jeweils \u00fcber die Buchung eines fiktiven Termins. Tauche ein in eine kraftvolle Heilmeditation, die dich sanft mit der tiefen, n\u00e4hrenden Energie von Mutter Erde verbindet und gleichzeitig dein&hellip;","_links":{"self":[{"href":"https:\/\/twinflameshealingspace.com\/en\/wp-json\/wp\/v2\/pages\/1619","targetHints":{"allow":["GET"]}}],"collection":[{"href":"https:\/\/twinflameshealingspace.com\/en\/wp-json\/wp\/v2\/pages"}],"about":[{"href":"https:\/\/twinflameshealingspace.com\/en\/wp-json\/wp\/v2\/types\/page"}],"author":[{"embeddable":true,"href":"https:\/\/twinflameshealingspace.com\/en\/wp-json\/wp\/v2\/users\/1"}],"replies":[{"embeddable":true,"href":"https:\/\/twinflameshealingspace.com\/en\/wp-json\/wp\/v2\/comments?post=1619"}],"version-history":[{"count":46,"href":"https:\/\/twinflameshealingspace.com\/en\/wp-json\/wp\/v2\/pages\/1619\/revisions"}],"predecessor-version":[{"id":1835,"href":"https:\/\/twinflameshealingspace.com\/en\/wp-json\/wp\/v2\/pages\/1619\/revisions\/1835"}],"wp:attachment":[{"href":"https:\/\/twinflameshealingspace.com\/en\/wp-json\/wp\/v2\/media?parent=1619"}],"curies":[{"name":"wp","href":"https:\/\/api.w.org\/{rel}","templated":true}]}}