{"id":16,"date":"2023-10-16T14:00:49","date_gmt":"2023-10-16T14:00:49","guid":{"rendered":"https:\/\/twinflameshealingspace.com\/?page_id=16"},"modified":"2025-07-10T08:36:29","modified_gmt":"2025-07-10T08:36:29","slug":"ueber-mich","status":"publish","type":"page","link":"https:\/\/twinflameshealingspace.com\/en\/ueber-mich\/","title":{"rendered":"About me"},"content":{"rendered":"<div data-elementor-type=\"wp-page\" data-elementor-id=\"16\" class=\"elementor elementor-16\">\n\t\t\t\t<div class=\"elementor-element elementor-element-f4b2596 e-con-full e-flex e-con e-parent\" data-id=\"f4b2596\" data-element_type=\"container\" data-e-type=\"container\">\n\t\t<div class=\"elementor-element elementor-element-b52beb6 e-con-full e-flex e-con e-child\" data-id=\"b52beb6\" data-element_type=\"container\" data-e-type=\"container\">\n\t\t\t\t<div class=\"elementor-element elementor-element-d741211 elementor-widget elementor-widget-spacer\" data-id=\"d741211\" data-element_type=\"widget\" data-e-type=\"widget\" data-widget_type=\"spacer.default\">\n\t\t\t\t<div class=\"elementor-widget-container\">\n\t\t\t\t\t\t\t<div class=\"elementor-spacer\">\n\t\t\t<div class=\"elementor-spacer-inner\"><\/div>\n\t\t<\/div>\n\t\t\t\t\t\t<\/div>\n\t\t\t\t<\/div>\n\t\t\t\t<div class=\"elementor-element elementor-element-1d8f231 elementor-widget elementor-widget-text-editor\" data-id=\"1d8f231\" data-element_type=\"widget\" data-e-type=\"widget\" data-widget_type=\"text-editor.default\">\n\t\t\t\t<div class=\"elementor-widget-container\">\n\t\t\t\t\t\t\t\t\t<p>About me<\/p>\t\t\t\t\t\t\t\t<\/div>\n\t\t\t\t<\/div>\n\t\t\t\t<div class=\"elementor-element elementor-element-7c7c1c3 elementor-widget elementor-widget-image\" data-id=\"7c7c1c3\" data-element_type=\"widget\" data-e-type=\"widget\" data-widget_type=\"image.default\">\n\t\t\t\t<div class=\"elementor-widget-container\">\n\t\t\t\t\t\t\t\t\t\t\t\t\t\t\t<img decoding=\"async\" src=\"https:\/\/twinflameshealingspace.com\/wp-content\/uploads\/elementor\/thumbs\/2-2-qfzepe8aqo781cu1pj8ss2wip50i7ymvruel3xgza8.jpg\" title=\"2\" alt=\"2\" loading=\"lazy\" \/>\t\t\t\t\t\t\t\t\t\t\t\t\t\t\t<\/div>\n\t\t\t\t<\/div>\n\t\t\t\t<\/div>\n\t\t<div class=\"elementor-element elementor-element-eef72c4 e-con-full e-flex e-con e-child\" data-id=\"eef72c4\" data-element_type=\"container\" data-e-type=\"container\">\n\t\t\t\t<div class=\"elementor-element elementor-element-f0129c6 elementor-widget elementor-widget-spacer\" data-id=\"f0129c6\" data-element_type=\"widget\" data-e-type=\"widget\" data-widget_type=\"spacer.default\">\n\t\t\t\t<div class=\"elementor-widget-container\">\n\t\t\t\t\t\t\t<div class=\"elementor-spacer\">\n\t\t\t<div class=\"elementor-spacer-inner\"><\/div>\n\t\t<\/div>\n\t\t\t\t\t\t<\/div>\n\t\t\t\t<\/div>\n\t\t\t\t<div class=\"elementor-element elementor-element-8d37d66 elementor-widget elementor-widget-spacer\" data-id=\"8d37d66\" data-element_type=\"widget\" data-e-type=\"widget\" data-widget_type=\"spacer.default\">\n\t\t\t\t<div class=\"elementor-widget-container\">\n\t\t\t\t\t\t\t<div class=\"elementor-spacer\">\n\t\t\t<div class=\"elementor-spacer-inner\"><\/div>\n\t\t<\/div>\n\t\t\t\t\t\t<\/div>\n\t\t\t\t<\/div>\n\t\t\t\t<div class=\"elementor-element elementor-element-baa075e elementor-widget elementor-widget-spacer\" data-id=\"baa075e\" data-element_type=\"widget\" data-e-type=\"widget\" data-widget_type=\"spacer.default\">\n\t\t\t\t<div class=\"elementor-widget-container\">\n\t\t\t\t\t\t\t<div class=\"elementor-spacer\">\n\t\t\t<div class=\"elementor-spacer-inner\"><\/div>\n\t\t<\/div>\n\t\t\t\t\t\t<\/div>\n\t\t\t\t<\/div>\n\t\t\t\t<div class=\"elementor-element elementor-element-4b07317 elementor-widget__width-initial elementor-widget elementor-widget-text-editor\" data-id=\"4b07317\" data-element_type=\"widget\" data-e-type=\"widget\" data-widget_type=\"text-editor.default\">\n\t\t\t\t<div class=\"elementor-widget-container\">\n\t\t\t\t\t\t\t\t\t<p><span style=\"font-size: 26px; color: var( --e-global-color-text ); letter-spacing: var( --e-global-typography-79e5142-letter-spacing ); word-spacing: var( --e-global-typography-79e5142-word-spacing ); text-align: var(--text-align);\">Hi, I am Daniela.\u00a0<\/span><\/p><p>Starting from my youth I was on a deep spiritual path. From 2008-2021 I attended regular seminars for spiritual healing and did a 2 years training in spiritual healing. I also did a channel training and various seminars on meditation, self-healing and spirituality.<\/p><p>When I met my Twin Flame, I was at first not aware of the spiritual dimension of what was happening to me.<\/p>\t\t\t\t\t\t\t\t<\/div>\n\t\t\t\t<\/div>\n\t\t\t\t<\/div>\n\t\t\t\t<\/div>\n\t\t<div class=\"elementor-element elementor-element-ef27d13 e-con-full e-flex e-con e-parent\" data-id=\"ef27d13\" data-element_type=\"container\" data-e-type=\"container\">\n\t\t\t\t<div class=\"elementor-element elementor-element-84ee124 elementor-widget elementor-widget-text-editor\" data-id=\"84ee124\" data-element_type=\"widget\" data-e-type=\"widget\" data-widget_type=\"text-editor.default\">\n\t\t\t\t<div class=\"elementor-widget-container\">\n\t\t\t\t\t\t\t\t\t<p>My former spiritual teachers and methods could not really help me with the Twin Flame issue. The first books I read about Twin Flames helped me to understand at least a bit what Twin Flames are all about, but they didn't offer me a concrete way of making this exceptional Love feasible for me.<\/p>\t\t\t\t\t\t\t\t<\/div>\n\t\t\t\t<\/div>\n\t\t\t\t<div class=\"elementor-element elementor-element-ae84b10 elementor-widget elementor-widget-image\" data-id=\"ae84b10\" data-element_type=\"widget\" data-e-type=\"widget\" data-widget_type=\"image.default\">\n\t\t\t\t<div class=\"elementor-widget-container\">\n\t\t\t\t\t\t\t\t\t\t\t\t\t\t\t<img decoding=\"async\" width=\"150\" height=\"150\" src=\"https:\/\/twinflameshealingspace.com\/wp-content\/uploads\/2023\/12\/13-150x150.jpg\" class=\"attachment-thumbnail size-thumbnail wp-image-802\" alt=\"\" srcset=\"https:\/\/twinflameshealingspace.com\/wp-content\/uploads\/2023\/12\/13-150x150.jpg 150w, https:\/\/twinflameshealingspace.com\/wp-content\/uploads\/2023\/12\/13-300x300.jpg 300w, https:\/\/twinflameshealingspace.com\/wp-content\/uploads\/2023\/12\/13-1024x1024.jpg 1024w, https:\/\/twinflameshealingspace.com\/wp-content\/uploads\/2023\/12\/13-768x768.jpg 768w, https:\/\/twinflameshealingspace.com\/wp-content\/uploads\/2023\/12\/13-600x600.jpg 600w, https:\/\/twinflameshealingspace.com\/wp-content\/uploads\/2023\/12\/13.jpg 1080w\" sizes=\"(max-width: 150px) 100vw, 150px\" \/>\t\t\t\t\t\t\t\t\t\t\t\t\t\t\t<\/div>\n\t\t\t\t<\/div>\n\t\t\t\t<div class=\"elementor-element elementor-element-6e92603 elementor-widget elementor-widget-text-editor\" data-id=\"6e92603\" data-element_type=\"widget\" data-e-type=\"widget\" data-widget_type=\"text-editor.default\">\n\t\t\t\t<div class=\"elementor-widget-container\">\n\t\t\t\t\t\t\t\t\t<p>Only with the Teachings of Jeff &amp; Shaleia and the mirror exercise it wa possible for me to heal really deeply. I recognized the Twin Flame Journey as an Ascension process. The more separation consciousness I could heal, the more peace I was able to feel.\u00a0\u00a0<\/p>\t\t\t\t\t\t\t\t<\/div>\n\t\t\t\t<\/div>\n\t\t\t\t<div class=\"elementor-element elementor-element-813ce38 elementor-widget elementor-widget-image\" data-id=\"813ce38\" data-element_type=\"widget\" data-e-type=\"widget\" data-widget_type=\"image.default\">\n\t\t\t\t<div class=\"elementor-widget-container\">\n\t\t\t\t\t\t\t\t\t\t\t\t\t\t\t<img fetchpriority=\"high\" decoding=\"async\" width=\"176\" height=\"300\" src=\"https:\/\/twinflameshealingspace.com\/wp-content\/uploads\/2025\/04\/IMG_7287-176x300.jpeg\" class=\"attachment-medium size-medium wp-image-1492\" alt=\"\" srcset=\"https:\/\/twinflameshealingspace.com\/wp-content\/uploads\/2025\/04\/IMG_7287-176x300.jpeg 176w, https:\/\/twinflameshealingspace.com\/wp-content\/uploads\/2025\/04\/IMG_7287-599x1024.jpeg 599w, https:\/\/twinflameshealingspace.com\/wp-content\/uploads\/2025\/04\/IMG_7287-768x1312.jpeg 768w, https:\/\/twinflameshealingspace.com\/wp-content\/uploads\/2025\/04\/IMG_7287-899x1536.jpeg 899w, https:\/\/twinflameshealingspace.com\/wp-content\/uploads\/2025\/04\/IMG_7287-1199x2048.jpeg 1199w, https:\/\/twinflameshealingspace.com\/wp-content\/uploads\/2025\/04\/IMG_7287-7x12.jpeg 7w, https:\/\/twinflameshealingspace.com\/wp-content\/uploads\/2025\/04\/IMG_7287-scaled.jpeg 1498w\" sizes=\"(max-width: 176px) 100vw, 176px\" \/>\t\t\t\t\t\t\t\t\t\t\t\t\t\t\t<\/div>\n\t\t\t\t<\/div>\n\t\t\t\t<div class=\"elementor-element elementor-element-0d6dc0d elementor-widget elementor-widget-text-editor\" data-id=\"0d6dc0d\" data-element_type=\"widget\" data-e-type=\"widget\" data-widget_type=\"text-editor.default\">\n\t\t\t\t<div class=\"elementor-widget-container\">\n\t\t\t\t\t\t\t\t\t<p>Mit meinen spirituellen Lehrern Jeff &amp; Shaleia<\/p>\n<p>Traverse City, Michigan, 2024<\/p>\t\t\t\t\t\t\t\t<\/div>\n\t\t\t\t<\/div>\n\t\t\t\t<div class=\"elementor-element elementor-element-55bcd05 elementor-widget elementor-widget-image\" data-id=\"55bcd05\" data-element_type=\"widget\" data-e-type=\"widget\" data-widget_type=\"image.default\">\n\t\t\t\t<div class=\"elementor-widget-container\">\n\t\t\t\t\t\t\t\t\t\t\t\t\t\t\t<img decoding=\"async\" width=\"150\" height=\"150\" src=\"https:\/\/twinflameshealingspace.com\/wp-content\/uploads\/2023\/12\/6-1-150x150.jpg\" class=\"attachment-thumbnail size-thumbnail wp-image-796\" alt=\"\" srcset=\"https:\/\/twinflameshealingspace.com\/wp-content\/uploads\/2023\/12\/6-1-150x150.jpg 150w, https:\/\/twinflameshealingspace.com\/wp-content\/uploads\/2023\/12\/6-1-300x300.jpg 300w, https:\/\/twinflameshealingspace.com\/wp-content\/uploads\/2023\/12\/6-1-1024x1024.jpg 1024w, https:\/\/twinflameshealingspace.com\/wp-content\/uploads\/2023\/12\/6-1-768x768.jpg 768w, https:\/\/twinflameshealingspace.com\/wp-content\/uploads\/2023\/12\/6-1-600x600.jpg 600w, https:\/\/twinflameshealingspace.com\/wp-content\/uploads\/2023\/12\/6-1.jpg 1080w\" sizes=\"(max-width: 150px) 100vw, 150px\" \/>\t\t\t\t\t\t\t\t\t\t\t\t\t\t\t<\/div>\n\t\t\t\t<\/div>\n\t\t\t\t<div class=\"elementor-element elementor-element-9934584 elementor-widget elementor-widget-text-editor\" data-id=\"9934584\" data-element_type=\"widget\" data-e-type=\"widget\" data-widget_type=\"text-editor.default\">\n\t\t\t\t<div class=\"elementor-widget-container\">\n\t\t\t\t\t\t\t\t\t<p>Nachdem ich selbst so viel Heilung erfahren durfte, erkannte ich darin meine Berufung, als Ascension Coach auch anderen Menschen zu helfen, den Dualseelenweg zu meistern. Au\u00dferdem bin ich als gepr\u00fcfter MAP-Practitioner (Mind Alignment Process) spezialisiert darauf, tiefe Traumata sanft im Kern aufzul\u00f6sen.<\/p>\t\t\t\t\t\t\t\t<\/div>\n\t\t\t\t<\/div>\n\t\t\t\t<div class=\"elementor-element elementor-element-82986bc elementor-align-center elementor-widget elementor-widget-button\" data-id=\"82986bc\" data-element_type=\"widget\" data-e-type=\"widget\" data-widget_type=\"button.default\">\n\t\t\t\t<div class=\"elementor-widget-container\">\n\t\t\t\t\t\t\t\t\t<div class=\"elementor-button-wrapper\">\n\t\t\t\t\t<a class=\"elementor-button elementor-button-link elementor-size-xl\" href=\"https:\/\/twinflameshealingspace.com\/en\/coaching\/\">\n\t\t\t\t\t\t<span class=\"elementor-button-content-wrapper\">\n\t\t\t\t\t\t\t\t\t<span class=\"elementor-button-text\">Coaching Offers<\/span>\n\t\t\t\t\t<\/span>\n\t\t\t\t\t<\/a>\n\t\t\t\t<\/div>\n\t\t\t\t\t\t\t\t<\/div>\n\t\t\t\t<\/div>\n\t\t\t\t<div class=\"elementor-element elementor-element-4129c56 elementor-align-center elementor-widget elementor-widget-button\" data-id=\"4129c56\" data-element_type=\"widget\" data-e-type=\"widget\" data-widget_type=\"button.default\">\n\t\t\t\t<div class=\"elementor-widget-container\">\n\t\t\t\t\t\t\t\t\t<div class=\"elementor-button-wrapper\">\n\t\t\t\t\t<a class=\"elementor-button elementor-button-link elementor-size-xl\" href=\"https:\/\/twinflameshealingspace.com\/en\/traumata-map\/\">\n\t\t\t\t\t\t<span class=\"elementor-button-content-wrapper\">\n\t\t\t\t\t\t\t\t\t<span class=\"elementor-button-text\">MAP Angebote<\/span>\n\t\t\t\t\t<\/span>\n\t\t\t\t\t<\/a>\n\t\t\t\t<\/div>\n\t\t\t\t\t\t\t\t<\/div>\n\t\t\t\t<\/div>\n\t\t\t\t<div class=\"elementor-element elementor-element-4865a2f elementor-widget elementor-widget-spacer\" data-id=\"4865a2f\" data-element_type=\"widget\" data-e-type=\"widget\" data-widget_type=\"spacer.default\">\n\t\t\t\t<div class=\"elementor-widget-container\">\n\t\t\t\t\t\t\t<div class=\"elementor-spacer\">\n\t\t\t<div class=\"elementor-spacer-inner\"><\/div>\n\t\t<\/div>\n\t\t\t\t\t\t<\/div>\n\t\t\t\t<\/div>\n\t\t\t\t<div class=\"elementor-element elementor-element-51595c5 elementor-widget elementor-widget-text-editor\" data-id=\"51595c5\" data-element_type=\"widget\" data-e-type=\"widget\" data-widget_type=\"text-editor.default\">\n\t\t\t\t<div class=\"elementor-widget-container\">\n\t\t\t\t\t\t\t\t\t<p><b>Disclaimer \/ Haftungsausschluss:<\/b>&nbsp;<\/p>\n<p>Als Certified Ascension Coach und MAP Practitioner bin ich KEINE ausgebildete Psychologin, Medizinerin oder Heilpraktikerin. Obwohl MAP durch professionelle Datenerhebung und -auswertung engmaschig wissenschaftlich begleitet wird, handelt es sich sowohl bei MAP als auch bei Ascension Coaching mit der Spiegel\u00fcbung ausschlie\u00dflich um Methoden zur Aktivierung der Selbstheilungskr\u00e4fte.&nbsp;<\/p>\n<p>Sie ersetzen NICHT die Diagnose oder Behandlung durch \u00c4rzt*innen, Heilpraktiker*innen, Psycholog*innen oder Psychiater*innen.&nbsp;<\/p>\n<p>Ich erstelle keine medizinischen Diagnosen und f\u00fchre keine Behandlungen der Heilkunde im gesetzlichen Sinne durch.&nbsp;<\/p>\n<p>Es werden keine Heilungsversprechen abgegeben.<\/p>\t\t\t\t\t\t\t\t<\/div>\n\t\t\t\t<\/div>\n\t\t<div class=\"elementor-element elementor-element-43f1efe e-flex e-con-boxed e-con e-child\" data-id=\"43f1efe\" data-element_type=\"container\" data-e-type=\"container\">\n\t\t\t\t\t<div class=\"e-con-inner\">\n\t\t<div class=\"elementor-element elementor-element-a21019a e-flex e-con-boxed e-con e-child\" data-id=\"a21019a\" data-element_type=\"container\" data-e-type=\"container\">\n\t\t\t\t\t<div class=\"e-con-inner\">\n\t\t\t\t<div class=\"elementor-element elementor-element-8e22d72 elementor-widget elementor-widget-image\" data-id=\"8e22d72\" data-element_type=\"widget\" data-e-type=\"widget\" data-widget_type=\"image.default\">\n\t\t\t\t<div class=\"elementor-widget-container\">\n\t\t\t\t\t\t\t\t\t\t\t\t\t\t\t<img loading=\"lazy\" decoding=\"async\" width=\"300\" height=\"300\" src=\"https:\/\/twinflameshealingspace.com\/wp-content\/uploads\/2023\/12\/Untitled-design-8-2-1-2-2-300x300.png\" class=\"attachment-medium size-medium wp-image-577\" alt=\"\" srcset=\"https:\/\/twinflameshealingspace.com\/wp-content\/uploads\/2023\/12\/Untitled-design-8-2-1-2-2-300x300.png 300w, https:\/\/twinflameshealingspace.com\/wp-content\/uploads\/2023\/12\/Untitled-design-8-2-1-2-2-1024x1024.png 1024w, https:\/\/twinflameshealingspace.com\/wp-content\/uploads\/2023\/12\/Untitled-design-8-2-1-2-2-150x150.png 150w, https:\/\/twinflameshealingspace.com\/wp-content\/uploads\/2023\/12\/Untitled-design-8-2-1-2-2-768x768.png 768w, https:\/\/twinflameshealingspace.com\/wp-content\/uploads\/2023\/12\/Untitled-design-8-2-1-2-2-600x600.png 600w, https:\/\/twinflameshealingspace.com\/wp-content\/uploads\/2023\/12\/Untitled-design-8-2-1-2-2.png 1080w\" sizes=\"(max-width: 300px) 100vw, 300px\" \/>\t\t\t\t\t\t\t\t\t\t\t\t\t\t\t<\/div>\n\t\t\t\t<\/div>\n\t\t\t\t\t<\/div>\n\t\t\t\t<\/div>\n\t\t\t\t<div class=\"elementor-element elementor-element-4f47a75 elementor-widget elementor-widget-spacer\" data-id=\"4f47a75\" data-element_type=\"widget\" data-e-type=\"widget\" data-widget_type=\"spacer.default\">\n\t\t\t\t<div class=\"elementor-widget-container\">\n\t\t\t\t\t\t\t<div class=\"elementor-spacer\">\n\t\t\t<div class=\"elementor-spacer-inner\"><\/div>\n\t\t<\/div>\n\t\t\t\t\t\t<\/div>\n\t\t\t\t<\/div>\n\t\t\t\t\t<\/div>\n\t\t\t\t<\/div>\n\t\t\t\t<\/div>\n\t\t<div class=\"elementor-element elementor-element-26b3690 e-flex e-con-boxed e-con e-parent\" data-id=\"26b3690\" data-element_type=\"container\" data-e-type=\"container\">\n\t\t\t\t\t<div class=\"e-con-inner\">\n\t\t\t\t\t<\/div>\n\t\t\t\t<\/div>\n\t\t\t\t<\/div>","protected":false},"excerpt":{"rendered":"<p>\u00dcber mich Hi, ich bin Daniela.\u00a0 Schon seit meiner Jugend befinde ich mich auf dem spirituellen Weg. Von 2008 &#8211; 2021 war ich kontinuierlich in Seminaren f\u00fcr geistige Heilweisen und habe dazu eine 2-j\u00e4hrige Ausbildung gemacht, zus\u00e4tzlich eine mehrmonatige Channel-Ausbildung und\u00a0 verschiedene Seminare f\u00fcr Meditation, Selbstheilung und Spiritualit\u00e4t. Als ich meiner Dualseele begegnete, war mir [&hellip;]<\/p>\n","protected":false},"author":1,"featured_media":0,"parent":0,"menu_order":0,"comment_status":"closed","ping_status":"closed","template":"","meta":{"ocean_post_layout":"full-screen","ocean_both_sidebars_style":"","ocean_both_sidebars_content_width":0,"ocean_both_sidebars_sidebars_width":0,"ocean_sidebar":"","ocean_second_sidebar":"","ocean_disable_margins":"enable","ocean_add_body_class":"","ocean_shortcode_before_top_bar":"","ocean_shortcode_after_top_bar":"","ocean_shortcode_before_header":"","ocean_shortcode_after_header":"","ocean_has_shortcode":"","ocean_shortcode_after_title":"","ocean_shortcode_before_footer_widgets":"","ocean_shortcode_after_footer_widgets":"","ocean_shortcode_before_footer_bottom":"","ocean_shortcode_after_footer_bottom":"","ocean_display_top_bar":"off","ocean_display_header":"default","ocean_header_style":"","ocean_center_header_left_menu":"","ocean_custom_header_template":"","ocean_custom_logo":0,"ocean_custom_retina_logo":0,"ocean_custom_logo_max_width":0,"ocean_custom_logo_tablet_max_width":0,"ocean_custom_logo_mobile_max_width":0,"ocean_custom_logo_max_height":0,"ocean_custom_logo_tablet_max_height":0,"ocean_custom_logo_mobile_max_height":0,"ocean_header_custom_menu":"","ocean_menu_typo_font_family":"","ocean_menu_typo_font_subset":"","ocean_menu_typo_font_size":0,"ocean_menu_typo_font_size_tablet":0,"ocean_menu_typo_font_size_mobile":0,"ocean_menu_typo_font_size_unit":"px","ocean_menu_typo_font_weight":"","ocean_menu_typo_font_weight_tablet":"","ocean_menu_typo_font_weight_mobile":"","ocean_menu_typo_transform":"","ocean_menu_typo_transform_tablet":"","ocean_menu_typo_transform_mobile":"","ocean_menu_typo_line_height":0,"ocean_menu_typo_line_height_tablet":0,"ocean_menu_typo_line_height_mobile":0,"ocean_menu_typo_line_height_unit":"","ocean_menu_typo_spacing":0,"ocean_menu_typo_spacing_tablet":0,"ocean_menu_typo_spacing_mobile":0,"ocean_menu_typo_spacing_unit":"","ocean_menu_link_color":"","ocean_menu_link_color_hover":"","ocean_menu_link_color_active":"","ocean_menu_link_background":"","ocean_menu_link_hover_background":"","ocean_menu_link_active_background":"","ocean_menu_social_links_bg":"","ocean_menu_social_hover_links_bg":"","ocean_menu_social_links_color":"","ocean_menu_social_hover_links_color":"","ocean_disable_title":"on","ocean_disable_heading":"default","ocean_post_title":"","ocean_post_subheading":"","ocean_post_title_style":"","ocean_post_title_background_color":"","ocean_post_title_background":0,"ocean_post_title_bg_image_position":"","ocean_post_title_bg_image_attachment":"","ocean_post_title_bg_image_repeat":"","ocean_post_title_bg_image_size":"","ocean_post_title_height":0,"ocean_post_title_bg_overlay":0.5,"ocean_post_title_bg_overlay_color":"","ocean_disable_breadcrumbs":"default","ocean_breadcrumbs_color":"","ocean_breadcrumbs_separator_color":"","ocean_breadcrumbs_links_color":"","ocean_breadcrumbs_links_hover_color":"","ocean_display_footer_widgets":"off","ocean_display_footer_bottom":"off","ocean_custom_footer_template":"","footnotes":""},"class_list":["post-16","page","type-page","status-publish","hentry","entry"],"rttpg_featured_image_url":null,"rttpg_author":{"display_name":"admin","author_link":"https:\/\/twinflameshealingspace.com\/en\/author\/admin\/"},"rttpg_comment":0,"rttpg_category":null,"rttpg_excerpt":"\u00dcber mich Hi, ich bin Daniela.\u00a0 Schon seit meiner Jugend befinde ich mich auf dem spirituellen Weg. Von 2008 &#8211; 2021 war ich kontinuierlich in Seminaren f\u00fcr geistige Heilweisen und habe dazu eine 2-j\u00e4hrige Ausbildung gemacht, zus\u00e4tzlich eine mehrmonatige Channel-Ausbildung und\u00a0 verschiedene Seminare f\u00fcr Meditation, Selbstheilung und Spiritualit\u00e4t. Als ich meiner Dualseele begegnete, war mir&hellip;","_links":{"self":[{"href":"https:\/\/twinflameshealingspace.com\/en\/wp-json\/wp\/v2\/pages\/16","targetHints":{"allow":["GET"]}}],"collection":[{"href":"https:\/\/twinflameshealingspace.com\/en\/wp-json\/wp\/v2\/pages"}],"about":[{"href":"https:\/\/twinflameshealingspace.com\/en\/wp-json\/wp\/v2\/types\/page"}],"author":[{"embeddable":true,"href":"https:\/\/twinflameshealingspace.com\/en\/wp-json\/wp\/v2\/users\/1"}],"replies":[{"embeddable":true,"href":"https:\/\/twinflameshealingspace.com\/en\/wp-json\/wp\/v2\/comments?post=16"}],"version-history":[{"count":146,"href":"https:\/\/twinflameshealingspace.com\/en\/wp-json\/wp\/v2\/pages\/16\/revisions"}],"predecessor-version":[{"id":1678,"href":"https:\/\/twinflameshealingspace.com\/en\/wp-json\/wp\/v2\/pages\/16\/revisions\/1678"}],"wp:attachment":[{"href":"https:\/\/twinflameshealingspace.com\/en\/wp-json\/wp\/v2\/media?parent=16"}],"curies":[{"name":"wp","href":"https:\/\/api.w.org\/{rel}","templated":true}]}}